{"id":105,"date":"2014-05-07T18:48:25","date_gmt":"2014-05-07T18:48:25","guid":{"rendered":"https:\/\/www.wcpd.com\/?page_id=105"},"modified":"2024-02-22T16:39:37","modified_gmt":"2024-02-22T21:39:37","slug":"salle-de-presse","status":"publish","type":"page","link":"https:\/\/www.wcpd.com\/fr\/salle-de-presse\/","title":{"rendered":"Salle de presse"},"content":{"rendered":"<style>.kb-row-layout-wrap.wp-block-kadence-rowlayout.kb-row-layout-id105_05e3c2-f4{margin-bottom:100px;}.kb-row-layout-id105_05e3c2-f4 > .kt-row-column-wrap{align-content:start;}:where(.kb-row-layout-id105_05e3c2-f4 > .kt-row-column-wrap) > .wp-block-kadence-column{justify-content:start;}.kb-row-layout-id105_05e3c2-f4 > .kt-row-column-wrap{column-gap:var(--global-kb-gap-md, 2rem);row-gap:var(--global-kb-gap-md, 2rem);max-width:var( --global-content-width, 1290px );padding-left:var(--global-content-edge-padding);padding-right:var(--global-content-edge-padding);padding-top:100px;padding-bottom:110px;min-height:270px;grid-template-columns:minmax(0, 1fr);}.kb-row-layout-id105_05e3c2-f4 > .kt-row-layout-overlay{opacity:0.30;}.kb-row-layout-id105_05e3c2-f4 .kt-row-layout-bottom-sep{height:30px;}.kb-row-layout-id105_05e3c2-f4 .kt-row-layout-bottom-sep svg{width:100%;}.kb-row-layout-id105_05e3c2-f4 .kt-row-layout-bottom-sep svg{fill:#ffffff!important;}@media all and (max-width: 1024px){.kb-row-layout-id105_05e3c2-f4 > .kt-row-column-wrap{grid-template-columns:minmax(0, 1fr);}}@media all and (max-width: 1024px){.kb-row-layout-id105_05e3c2-f4 .kt-row-layout-bottom-sep{height:20px;}}@media all and (max-width: 1024px){.kb-row-layout-id105_05e3c2-f4 .kt-row-layout-bottom-sep svg{width:%;}}@media all and (max-width: 767px){.kb-row-layout-id105_05e3c2-f4 > .kt-row-column-wrap{grid-template-columns:minmax(0, 1fr);}.kb-row-layout-id105_05e3c2-f4 .kt-row-layout-bottom-sep{height:12px;}.kb-row-layout-id105_05e3c2-f4 .kt-row-layout-bottom-sep svg{width:%;}}<\/style><div class=\"kb-row-layout-wrap kb-row-layout-id105_05e3c2-f4 alignfull has-theme-palette7-background-color kt-row-has-bg page-header vertical-center wp-block-kadence-rowlayout\"><div class=\"kt-row-layout-bottom-sep kt-row-sep-type-crvr\"><svg viewBox=\"0 0 1000 100\" preserveAspectRatio=\"none\"><path d=\"M1000,100c0,0 -120.987,-98 -350,-98c-229.013,0 -650,98 -650,98l1000,0Z\" \/><\/svg><\/div><div class=\"kt-row-column-wrap kt-has-1-columns kt-row-layout-equal kt-tab-layout-inherit kt-mobile-layout-row kt-row-valign-top kb-theme-content-width\">\n<style>.kadence-column105_37c8a4-aa > .kt-inside-inner-col,.kadence-column105_37c8a4-aa > .kt-inside-inner-col:before{border-top-left-radius:0px;border-top-right-radius:0px;border-bottom-right-radius:0px;border-bottom-left-radius:0px;}.kadence-column105_37c8a4-aa > .kt-inside-inner-col{column-gap:var(--global-kb-gap-sm, 1rem);}.kadence-column105_37c8a4-aa > .kt-inside-inner-col{flex-direction:column;}.kadence-column105_37c8a4-aa > .kt-inside-inner-col > .aligncenter{width:100%;}.kadence-column105_37c8a4-aa > .kt-inside-inner-col:before{opacity:0.3;}.kadence-column105_37c8a4-aa{position:relative;}@media all and (max-width: 1024px){.kadence-column105_37c8a4-aa > .kt-inside-inner-col{flex-direction:column;justify-content:center;}}@media all and (max-width: 767px){.kadence-column105_37c8a4-aa > .kt-inside-inner-col{flex-direction:column;justify-content:center;}}<\/style>\n<div class=\"wp-block-kadence-column kadence-column105_37c8a4-aa inner-column-1\"><div class=\"kt-inside-inner-col\"><style>.wp-block-kadence-advancedheading.kt-adv-heading105_dc9ea9-01, .wp-block-kadence-advancedheading.kt-adv-heading105_dc9ea9-01[data-kb-block=\"kb-adv-heading105_dc9ea9-01\"]{padding-top:0px;padding-bottom:0px;margin-top:0px;margin-bottom:0px;font-style:normal;}.wp-block-kadence-advancedheading.kt-adv-heading105_dc9ea9-01 mark.kt-highlight, .wp-block-kadence-advancedheading.kt-adv-heading105_dc9ea9-01[data-kb-block=\"kb-adv-heading105_dc9ea9-01\"] mark.kt-highlight{font-style:normal;color:#f76a0c;-webkit-box-decoration-break:clone;box-decoration-break:clone;padding-top:0px;padding-right:0px;padding-bottom:0px;padding-left:0px;}<\/style>\n<h1 class=\"kt-adv-heading105_dc9ea9-01 wp-block-kadence-advancedheading\" data-kb-block=\"kb-adv-heading105_dc9ea9-01\">Salle de presse<\/h1>\n<\/div><\/div>\n\n<\/div><\/div>\n\n<style>.kt-post-loop105_a69329-2b .kadence-post-image{padding-top:0px;padding-right:0px;padding-bottom:0px;padding-left:0px;}.kt-post-loop105_a69329-2b .kt-post-grid-wrap{gap:40px 40px;}.kt-post-loop105_a69329-2b .kt-blocks-post-grid-item{border-top-left-radius:25px;border-top-right-radius:25px;border-bottom-right-radius:25px;border-bottom-left-radius:25px;border-top:1px solid #eeeeee;border-right:1px solid #eeeeee;border-bottom:1px solid #eeeeee;border-left:1px solid #eeeeee;background-color:var(--global-palette8, #F7FAFC);overflow:hidden;}.kt-post-loop105_a69329-2b .kt-blocks-post-grid-item .kt-blocks-post-grid-item-inner{padding-top:0px;padding-right:15px;padding-bottom:15px;padding-left:15px;}.kt-post-loop105_a69329-2b .kt-blocks-post-grid-item header{padding-top:10px;padding-right:10px;padding-bottom:0px;padding-left:10px;margin-top:0px;margin-right:0px;margin-bottom:0px;margin-left:0px;}.kt-post-loop105_a69329-2b .kt-blocks-post-grid-item .entry-title{padding-top:10px;padding-right:0px;padding-bottom:5px;padding-left:0px;margin-top:0px;margin-right:0px;margin-bottom:0px;margin-left:0px;font-size:24px;line-height:30px;}.kt-post-loop105_a69329-2b .kt-blocks-post-grid-item .kt-blocks-post-top-meta{color:#777777;}.kt-post-loop105_a69329-2b .kt-blocks-post-grid-item .kt-blocks-post-top-meta a{color:#777777;}.kt-post-loop105_a69329-2b .kt-blocks-post-grid-item .kt-blocks-post-top-meta a:hover{color:#444444;}.kt-post-loop105_a69329-2b .entry-content{padding-top:10px;padding-right:10px;padding-bottom:10px;padding-left:10px;margin-top:0px;margin-right:0px;margin-bottom:0px;margin-left:0px;}.kt-post-loop105_a69329-2b .kt-blocks-post-footer{color:#777777;border-top-width:0px;border-right-width:0px;border-bottom-width:0px;border-left-width:0px;padding-top:0px;padding-right:0px;padding-bottom:0px;padding-left:0px;margin-top:0px;margin-right:0px;margin-bottom:0px;margin-left:0px;font-size:12px;line-height:20px;}.kt-post-loop105_a69329-2b .entry-content:after{height:0px;}.kt-post-loop105_a69329-2b .kt-blocks-post-footer a{color:#777777;}.kt-post-loop105_a69329-2b .kt-blocks-post-footer a:hover{color:#444444;}.kt-post-loop105_a69329-2b .entry-content .kt-blocks-post-readmore{background-color:var(--global-palette2, #2B6CB0);border-color:var(--global-palette2, #2B6CB0);color:#ffffff;border-radius:10px;padding-top:7px;padding-right:15px;padding-bottom:7px;padding-left:15px;margin-top:15px;margin-right:0px;margin-bottom:0px;margin-left:0px;line-height:1em;}.kt-post-loop105_a69329-2b .entry-content .kt-blocks-post-readmore:hover{color:#ffffff;border-color:var(--global-palette1, #3182CE);background-color:var(--global-palette1, #3182CE);}.kt-post-loop105_a69329-2b .kb-filter-item{border-top-width:0px;border-right-width:0px;border-bottom-width:2px;border-left-width:0px;padding-top:5px;padding-right:8px;padding-bottom:5px;padding-left:8px;margin-top:0px;margin-right:10px;margin-bottom:0px;margin-left:0px;}@media all and (max-width: 1024px){.kt-post-loop105_a69329-2b .kt-blocks-post-grid-item{border-top:1px solid #eeeeee;border-right:1px solid #eeeeee;border-bottom:1px solid #eeeeee;border-left:1px solid #eeeeee;}}@media all and (max-width: 767px){.kt-post-loop105_a69329-2b .kt-blocks-post-grid-item{border-top:1px solid #eeeeee;border-right:1px solid #eeeeee;border-bottom:1px solid #eeeeee;border-left:1px solid #eeeeee;}}<\/style><div class=\"wp-block-kadence-postgrid kt-blocks-post-loop-block alignnone kt-post-loop105_a69329-2b kt-post-grid-layout-grid \"><div class=\"kt-post-grid-layout-grid-wrap kt-post-grid-wrap\" data-columns-xxl=\"3\" data-columns-xl=\"3\" data-columns-md=\"3\" data-columns-sm=\"2\" data-columns-xs=\"1\" data-columns-ss=\"1\"data-item-selector=\".kt-post-masonry-item\" aria-label=\"Post Carousel\"><article class=\"kt-blocks-post-grid-item post-587 post type-post status-publish format-standard has-post-thumbnail hentry category-uncategorized-fr\"><div class=\"kt-blocks-post-grid-item-inner-wrap kt-feat-image-align-top kt-feat-image-mobile-align-top\"><div class=\"kadence-post-image\"><div class=\"kadence-post-image-intrisic kt-image-ratio-50\" style=\"padding-bottom:50%;\"><div class=\"kadence-post-image-inner-intrisic\"><a aria-hidden=\"true\" tabindex=\"-1\" role=\"presentation\" href=\"https:\/\/www.wcpd.com\/fr\/2014\/06\/wcpd-fait-don-dune-villa-dune-valeur-de-500k-dollars-a-des-organismes-de-bienfaisance\/\" aria-label=\"WCPD fait don d\u2019une villa d\u2019une valeur de 500K dollars \u00e0 des organismes de bienfaisance\" class=\"kadence-post-image-inner-wrap\"><img decoding=\"async\" width=\"768\" height=\"485\" src=\"https:\/\/www.wcpd.com\/wp-content\/uploads\/2014\/06\/Nicholson-donates-500K-worth-of-villa-time-to-charities-768x485.jpg\" class=\"attachment-medium_large size-medium_large wp-post-image\" alt=\"\" srcset=\"https:\/\/www.wcpd.com\/wp-content\/uploads\/2014\/06\/Nicholson-donates-500K-worth-of-villa-time-to-charities-768x485.jpg 768w, https:\/\/www.wcpd.com\/wp-content\/uploads\/2014\/06\/Nicholson-donates-500K-worth-of-villa-time-to-charities-300x190.jpg 300w, https:\/\/www.wcpd.com\/wp-content\/uploads\/2014\/06\/Nicholson-donates-500K-worth-of-villa-time-to-charities-625x395.jpg 625w, https:\/\/www.wcpd.com\/wp-content\/uploads\/2014\/06\/Nicholson-donates-500K-worth-of-villa-time-to-charities.jpg 812w\" sizes=\"(max-width: 768px) 100vw, 768px\" \/><\/a><\/div><\/div><\/div><div class=\"kt-blocks-post-grid-item-inner\"><header><h2 class=\"entry-title\"><a href=\"https:\/\/www.wcpd.com\/fr\/2014\/06\/wcpd-fait-don-dune-villa-dune-valeur-de-500k-dollars-a-des-organismes-de-bienfaisance\/\">WCPD fait don d\u2019une villa d\u2019une valeur de 500K dollars \u00e0 des organismes de bienfaisance<\/a><\/h2><div class=\"kt-blocks-post-top-meta\"><div class=\"kt-blocks-date\"><span class=\"kt-blocks-date-pretext\">Posted on <\/span><time datetime=\"2014-06-11T18:46:48-04:00\" class=\"kt-blocks-post-date\">juin 11, 2014<\/time><\/div><\/div><\/header><div class=\"entry-content\">OTTAWA, CANADA &#8211; En seulement 18 mois, le plus grand propri\u00e9taire de Grand Isle Resort &#038; Spa aux Bahamas a fait&#8230;<div class=\"kt-blocks-post-readmore-wrap\"><a class=\"kt-blocks-post-readmore\" href=\"https:\/\/www.wcpd.com\/fr\/2014\/06\/wcpd-fait-don-dune-villa-dune-valeur-de-500k-dollars-a-des-organismes-de-bienfaisance\/\">Lire la suite<span class=\"screen-reader-text\"> WCPD fait don d\u2019une villa d\u2019une valeur de 500K dollars \u00e0 des organismes de bienfaisance<\/span><\/a><\/div><\/div><footer class=\"kt-blocks-post-footer\"><div class=\"kt-blocks-post-footer-left\"><\/div><div class=\"kt-blocks-post-footer-right\"><\/div><\/footer><\/div><\/div><\/article><article class=\"kt-blocks-post-grid-item post-576 post type-post status-publish format-standard has-post-thumbnail hentry category-uncategorized-fr\"><div class=\"kt-blocks-post-grid-item-inner-wrap kt-feat-image-align-top kt-feat-image-mobile-align-top\"><div class=\"kadence-post-image\"><div class=\"kadence-post-image-intrisic kt-image-ratio-50\" style=\"padding-bottom:50%;\"><div class=\"kadence-post-image-inner-intrisic\"><a aria-hidden=\"true\" tabindex=\"-1\" role=\"presentation\" href=\"https:\/\/www.wcpd.com\/fr\/2014\/06\/nicholson-va-t-il-rejoindre-la-fondation-exuma\/\" aria-label=\"Nicholson va-t-il rejoindre la Fondation Exuma?\" class=\"kadence-post-image-inner-wrap\"><img decoding=\"async\" width=\"144\" height=\"127\" src=\"https:\/\/www.wcpd.com\/wp-content\/uploads\/2014\/06\/exuma-foundation.jpg\" class=\"attachment-medium_large size-medium_large wp-post-image\" alt=\"\" \/><\/a><\/div><\/div><\/div><div class=\"kt-blocks-post-grid-item-inner\"><header><h2 class=\"entry-title\"><a href=\"https:\/\/www.wcpd.com\/fr\/2014\/06\/nicholson-va-t-il-rejoindre-la-fondation-exuma\/\">Nicholson va-t-il rejoindre la Fondation Exuma?<\/a><\/h2><div class=\"kt-blocks-post-top-meta\"><div class=\"kt-blocks-date\"><span class=\"kt-blocks-date-pretext\">Posted on <\/span><time datetime=\"2014-06-11T18:37:02-04:00\" class=\"kt-blocks-post-date\">juin 11, 2014<\/time><\/div><\/div><\/header><div class=\"entry-content\">Dans un effort de redonner \u00e0 la communaut\u00e9 locale, le pr\u00e9sident de WCPD et la Fondation WCPD sera accept\u00e9 au poste&#8230;<div class=\"kt-blocks-post-readmore-wrap\"><a class=\"kt-blocks-post-readmore\" href=\"https:\/\/www.wcpd.com\/fr\/2014\/06\/nicholson-va-t-il-rejoindre-la-fondation-exuma\/\">Lire la suite<span class=\"screen-reader-text\"> Nicholson va-t-il rejoindre la Fondation Exuma?<\/span><\/a><\/div><\/div><footer class=\"kt-blocks-post-footer\"><div class=\"kt-blocks-post-footer-left\"><\/div><div class=\"kt-blocks-post-footer-right\"><\/div><\/footer><\/div><\/div><\/article><\/div><\/div><!-- .wp-block-kadence-postgrid -->","protected":false},"excerpt":{"rendered":"<p>Salle de presse<\/p>\n","protected":false},"author":1,"featured_media":0,"parent":0,"menu_order":0,"comment_status":"closed","ping_status":"closed","template":"","meta":{"_acf_changed":false,"_seopress_robots_primary_cat":"","_seopress_titles_title":"","_seopress_titles_desc":"","_seopress_robots_index":"","_gspb_post_css":"","_kad_blocks_custom_css":"","_kad_blocks_head_custom_js":"","_kad_blocks_body_custom_js":"","_kad_blocks_footer_custom_js":"","_kad_post_transparent":"","_kad_post_title":"","_kad_post_layout":"","_kad_post_sidebar_id":"","_kad_post_content_style":"","_kad_post_vertical_padding":"","_kad_post_feature":"","_kad_post_feature_position":"","_kad_post_header":false,"_kad_post_footer":false,"_kad_post_classname":"","footnotes":""},"class_list":["post-105","page","type-page","status-publish","hentry"],"acf":[],"taxonomy_info":[],"featured_image_src_large":false,"author_info":{"display_name":"WCPD","author_link":"https:\/\/www.wcpd.com\/fr\/author\/wcpd\/"},"comment_info":0,"_links":{"self":[{"href":"https:\/\/www.wcpd.com\/fr\/wp-json\/wp\/v2\/pages\/105","targetHints":{"allow":["GET"]}}],"collection":[{"href":"https:\/\/www.wcpd.com\/fr\/wp-json\/wp\/v2\/pages"}],"about":[{"href":"https:\/\/www.wcpd.com\/fr\/wp-json\/wp\/v2\/types\/page"}],"author":[{"embeddable":true,"href":"https:\/\/www.wcpd.com\/fr\/wp-json\/wp\/v2\/users\/1"}],"replies":[{"embeddable":true,"href":"https:\/\/www.wcpd.com\/fr\/wp-json\/wp\/v2\/comments?post=105"}],"version-history":[{"count":4,"href":"https:\/\/www.wcpd.com\/fr\/wp-json\/wp\/v2\/pages\/105\/revisions"}],"predecessor-version":[{"id":8200,"href":"https:\/\/www.wcpd.com\/fr\/wp-json\/wp\/v2\/pages\/105\/revisions\/8200"}],"wp:attachment":[{"href":"https:\/\/www.wcpd.com\/fr\/wp-json\/wp\/v2\/media?parent=105"}],"curies":[{"name":"wp","href":"https:\/\/api.w.org\/{rel}","templated":true}]}}